{"id":3427,"date":"2021-03-16T18:29:28","date_gmt":"2021-03-16T18:29:28","guid":{"rendered":"http:\/\/jestempiotr.pl\/?page_id=3427"},"modified":"2021-03-17T13:53:46","modified_gmt":"2021-03-17T13:53:46","slug":"video","status":"publish","type":"page","link":"https:\/\/jestempiotr.pl\/index.php\/video\/","title":{"rendered":"video"},"content":{"rendered":"<p><iframe loading=\"lazy\" title=\"JestemPiotr - dar jasnowidzenia, dar uzdrawiania i inne na \u017cywo\" width=\"780\" height=\"439\" src=\"https:\/\/www.youtube.com\/embed\/tyUXXukFlOU?feature=oembed\" frameborder=\"0\" allow=\"accelerometer; autoplay; clipboard-write; encrypted-media; gyroscope; picture-in-picture; web-share\" referrerpolicy=\"strict-origin-when-cross-origin\" allowfullscreen><\/iframe><\/p>\n<p>&nbsp;<\/p>\n<p>NIE DO WIARY<\/p>\n<p><a href=\"https:\/\/player.pl\/programy-online\/nie-do-wiary-odcinki,600\/odcinek-240,S01E240,11449?\">https:\/\/player.pl\/programy-online\/nie-do-wiary-odcinki,600\/odcinek-240,S01E240,11449?<\/a><\/p>\n<p>&nbsp;<\/p>\n<p>&nbsp;<\/p>\n","protected":false},"excerpt":{"rendered":"<p>&nbsp; NIE DO WIARY https:\/\/player.pl\/programy-online\/nie-do-wiary-odcinki,600\/odcinek-240,S01E240,11449? &nbsp; &nbsp;<\/p>\n","protected":false},"author":1,"featured_media":0,"parent":0,"menu_order":0,"comment_status":"closed","ping_status":"closed","template":"","meta":{"_bbp_topic_count":0,"_bbp_reply_count":0,"_bbp_total_topic_count":0,"_bbp_total_reply_count":0,"_bbp_voice_count":0,"_bbp_anonymous_reply_count":0,"_bbp_topic_count_hidden":0,"_bbp_reply_count_hidden":0,"_bbp_forum_subforum_count":0,"content-type":"","footnotes":""},"class_list":["post-3427","page","type-page","status-publish","hentry"],"yoast_head":"<!-- This site is optimized with the Yoast SEO plugin v26.2 - https:\/\/yoast.com\/wordpress\/plugins\/seo\/ -->\n<title>video - Jestem Piotr | otrze\u0107 \u0142z\u0119 | tel 691 704 594<\/title>\n<meta name=\"robots\" content=\"index, follow, max-snippet:-1, max-image-preview:large, max-video-preview:-1\" \/>\n<link rel=\"canonical\" href=\"http:\/\/jestempiotr.pl\/index.php\/video\/\" \/>\n<meta property=\"og:locale\" content=\"pl_PL\" \/>\n<meta property=\"og:type\" content=\"article\" \/>\n<meta property=\"og:title\" content=\"video - Jestem Piotr | otrze\u0107 \u0142z\u0119 | tel 691 704 594\" \/>\n<meta property=\"og:description\" content=\"&nbsp; NIE DO WIARY https:\/\/player.pl\/programy-online\/nie-do-wiary-odcinki,600\/odcinek-240,S01E240,11449? &nbsp; &nbsp;\" \/>\n<meta property=\"og:url\" content=\"http:\/\/jestempiotr.pl\/index.php\/video\/\" \/>\n<meta property=\"og:site_name\" content=\"Jestem Piotr | otrze\u0107 \u0142z\u0119 | tel 691 704 594\" \/>\n<meta property=\"article:modified_time\" content=\"2021-03-17T13:53:46+00:00\" \/>\n<meta name=\"twitter:card\" content=\"summary_large_image\" \/>\n<meta name=\"twitter:label1\" content=\"Szacowany czas czytania\" \/>\n\t<meta name=\"twitter:data1\" content=\"1 minuta\" \/>\n<script type=\"application\/ld+json\" class=\"yoast-schema-graph\">{\"@context\":\"https:\/\/schema.org\",\"@graph\":[{\"@type\":\"WebPage\",\"@id\":\"http:\/\/jestempiotr.pl\/index.php\/video\/\",\"url\":\"http:\/\/jestempiotr.pl\/index.php\/video\/\",\"name\":\"video - Jestem Piotr | otrze\u0107 \u0142z\u0119 | tel 691 704 594\",\"isPartOf\":{\"@id\":\"https:\/\/jestempiotr.pl\/#website\"},\"datePublished\":\"2021-03-16T18:29:28+00:00\",\"dateModified\":\"2021-03-17T13:53:46+00:00\",\"breadcrumb\":{\"@id\":\"http:\/\/jestempiotr.pl\/index.php\/video\/#breadcrumb\"},\"inLanguage\":\"pl-PL\",\"potentialAction\":[{\"@type\":\"ReadAction\",\"target\":[\"http:\/\/jestempiotr.pl\/index.php\/video\/\"]}]},{\"@type\":\"BreadcrumbList\",\"@id\":\"http:\/\/jestempiotr.pl\/index.php\/video\/#breadcrumb\",\"itemListElement\":[{\"@type\":\"ListItem\",\"position\":1,\"name\":\"Strona g\u0142\u00f3wna\",\"item\":\"https:\/\/jestempiotr.pl\/\"},{\"@type\":\"ListItem\",\"position\":2,\"name\":\"video\"}]},{\"@type\":\"WebSite\",\"@id\":\"https:\/\/jestempiotr.pl\/#website\",\"url\":\"https:\/\/jestempiotr.pl\/\",\"name\":\"Jestem Piotr | otrze\u0107 \u0142z\u0119 | tel 691 704 594\",\"description\":\"otrze\u0107 \u0142z\u0119\",\"potentialAction\":[{\"@type\":\"SearchAction\",\"target\":{\"@type\":\"EntryPoint\",\"urlTemplate\":\"https:\/\/jestempiotr.pl\/?s={search_term_string}\"},\"query-input\":{\"@type\":\"PropertyValueSpecification\",\"valueRequired\":true,\"valueName\":\"search_term_string\"}}],\"inLanguage\":\"pl-PL\"}]}<\/script>\n<!-- \/ Yoast SEO plugin. -->","yoast_head_json":{"title":"video - Jestem Piotr | otrze\u0107 \u0142z\u0119 | tel 691 704 594","robots":{"index":"index","follow":"follow","max-snippet":"max-snippet:-1","max-image-preview":"max-image-preview:large","max-video-preview":"max-video-preview:-1"},"canonical":"http:\/\/jestempiotr.pl\/index.php\/video\/","og_locale":"pl_PL","og_type":"article","og_title":"video - Jestem Piotr | otrze\u0107 \u0142z\u0119 | tel 691 704 594","og_description":"&nbsp; NIE DO WIARY https:\/\/player.pl\/programy-online\/nie-do-wiary-odcinki,600\/odcinek-240,S01E240,11449? &nbsp; &nbsp;","og_url":"http:\/\/jestempiotr.pl\/index.php\/video\/","og_site_name":"Jestem Piotr | otrze\u0107 \u0142z\u0119 | tel 691 704 594","article_modified_time":"2021-03-17T13:53:46+00:00","twitter_card":"summary_large_image","twitter_misc":{"Szacowany czas czytania":"1 minuta"},"schema":{"@context":"https:\/\/schema.org","@graph":[{"@type":"WebPage","@id":"http:\/\/jestempiotr.pl\/index.php\/video\/","url":"http:\/\/jestempiotr.pl\/index.php\/video\/","name":"video - Jestem Piotr | otrze\u0107 \u0142z\u0119 | tel 691 704 594","isPartOf":{"@id":"https:\/\/jestempiotr.pl\/#website"},"datePublished":"2021-03-16T18:29:28+00:00","dateModified":"2021-03-17T13:53:46+00:00","breadcrumb":{"@id":"http:\/\/jestempiotr.pl\/index.php\/video\/#breadcrumb"},"inLanguage":"pl-PL","potentialAction":[{"@type":"ReadAction","target":["http:\/\/jestempiotr.pl\/index.php\/video\/"]}]},{"@type":"BreadcrumbList","@id":"http:\/\/jestempiotr.pl\/index.php\/video\/#breadcrumb","itemListElement":[{"@type":"ListItem","position":1,"name":"Strona g\u0142\u00f3wna","item":"https:\/\/jestempiotr.pl\/"},{"@type":"ListItem","position":2,"name":"video"}]},{"@type":"WebSite","@id":"https:\/\/jestempiotr.pl\/#website","url":"https:\/\/jestempiotr.pl\/","name":"Jestem Piotr | otrze\u0107 \u0142z\u0119 | tel 691 704 594","description":"otrze\u0107 \u0142z\u0119","potentialAction":[{"@type":"SearchAction","target":{"@type":"EntryPoint","urlTemplate":"https:\/\/jestempiotr.pl\/?s={search_term_string}"},"query-input":{"@type":"PropertyValueSpecification","valueRequired":true,"valueName":"search_term_string"}}],"inLanguage":"pl-PL"}]}},"_links":{"self":[{"href":"https:\/\/jestempiotr.pl\/index.php\/wp-json\/wp\/v2\/pages\/3427","targetHints":{"allow":["GET"]}}],"collection":[{"href":"https:\/\/jestempiotr.pl\/index.php\/wp-json\/wp\/v2\/pages"}],"about":[{"href":"https:\/\/jestempiotr.pl\/index.php\/wp-json\/wp\/v2\/types\/page"}],"author":[{"embeddable":true,"href":"https:\/\/jestempiotr.pl\/index.php\/wp-json\/wp\/v2\/users\/1"}],"replies":[{"embeddable":true,"href":"https:\/\/jestempiotr.pl\/index.php\/wp-json\/wp\/v2\/comments?post=3427"}],"version-history":[{"count":2,"href":"https:\/\/jestempiotr.pl\/index.php\/wp-json\/wp\/v2\/pages\/3427\/revisions"}],"predecessor-version":[{"id":3432,"href":"https:\/\/jestempiotr.pl\/index.php\/wp-json\/wp\/v2\/pages\/3427\/revisions\/3432"}],"wp:attachment":[{"href":"https:\/\/jestempiotr.pl\/index.php\/wp-json\/wp\/v2\/media?parent=3427"}],"curies":[{"name":"wp","href":"https:\/\/api.w.org\/{rel}","templated":true}]}}